{"id":33884,"date":"2022-01-05T09:20:35","date_gmt":"2022-01-05T09:20:35","guid":{"rendered":"https:\/\/puente-colgante.com\/politica-de-devolucion-y-gastos-de-envio\/"},"modified":"2022-01-05T09:20:35","modified_gmt":"2022-01-05T09:20:35","slug":"politica-de-devolucion-y-gastos-de-envio","status":"publish","type":"page","link":"https:\/\/puente-colgante.com\/eu\/politica-de-devolucion-y-gastos-de-envio\/","title":{"rendered":"T\u00e9rminos y Condiciones"},"content":{"rendered":"<p><\/p><p><strong>GASTOS DE ENV\u00cdO:<\/strong><\/p><p>Los gastos de env\u00edo son en env\u00edos nacionales de 5,95\u20ac en paquetes con peso de 100 a 500 gr y de 9,05\u20ac en paquetes con peso de 1.000 hasta 2.000 gr, y en env\u00edos internacionales de 11,10\u20ac en paquetes con peso de 100 a 500 gr y de 25,40\u20ac en paquetes con peso de 1.000 hasta 2.000 gr<\/p><p><strong>IMPUESTOS<\/strong>:<\/p><p>Los precios de los productos que se encuentran a la venta en nuestras tiendas de comercio electr\u00f3nico incluyen el Impuesto de Valor A\u00f1adido (I.V.A.).<br>Para ventas destinadas a&nbsp;Canarias,&nbsp;Ceuta y Melilla,&nbsp; se requerir\u00e1 el D.N.I o N.I.F y&nbsp;se facturar\u00e1n sin IVA.&nbsp;Para ello, deber\u00e1n contactar telef\u00f3nicamente llamando al&nbsp;94 480 10 12 en horario de atenci\u00f3n al p\u00fablico.<\/p><p><strong>DEVOLUCIONES<\/strong>:<\/p><p>Todos los productos que comercializamos son de muy buena calidad y nos encantan igual que a ti, pero puede que esta vez necesites hacer una devoluci\u00f3n. \u00a1No pasa nada!, te explicamos los pasos a seguir.<\/p><p>La \u00fanica excepci\u00f3n son las mascarillas que por medidas de salubridad no se pueden devolver.<\/p><p>Tenemos un plazo de devoluci\u00f3n de 15 d\u00edas h\u00e1biles a partir del momento de la recepci\u00f3n de su pedido (Seg\u00fan art. 44 de la Ley 7\/1996, de 15 de enero de Ordenaci\u00f3n del Comercio Minorista modificada por la Ley 47\/2002, de 19 de diciembre). En caso de que la devoluci\u00f3n se deba a un desperfecto o tara del producto, deber\u00e1s escribirnos o llamarnos nada m\u00e1s recibirlo.<\/p><p>Es muy importante que nos devuelvas los productos de cambio o devoluci\u00f3n&nbsp;perfectamente embalados, si no es as\u00ed y resultan da\u00f1ados, sinti\u00e9ndolo mucho, no podremos admitir la devoluci\u00f3n.<\/p><p>En caso de que decidas devolver tu compra porque no se ajuste a tus gustos o expectativas&nbsp;(causas que no dependan deTransbordador de Vizcaya S.L) deber\u00e1s correr con los gastos de env\u00edo. Si la devoluci\u00f3n es debida a que el producto es defectuoso o a un cambio de talla o modelo,Transbordador de Vizcaya S.L correr\u00e1 con los gastos de env\u00edo. Siempre deber\u00e1s comunic\u00e1rnoslo en el momento de recibir tu compra, as\u00ed podremos agilizar al m\u00e1ximo y resolver cualquier incidencia.<\/p><p>Las devoluciones de los pedidos deber\u00e1n remitirse a la misma direcci\u00f3n de donde sali\u00f3 el mismo, una vez tengamos el env\u00edo en nuestro almac\u00e9n y hayamos comprobado su estado, haremos lo siguiente:<\/p><ul class=\"wp-block-list\"><li>Si la devoluci\u00f3n&nbsp;<strong>se debe a un producto defectuoso o err\u00f3neo se proceder\u00e1 a la devoluci\u00f3n del importe de la compra.&nbsp;&nbsp;<\/strong><\/li>\n\n<li>Si la devoluci\u00f3n se debe a cualquier otra circunstancia,&nbsp;Transbordador de Vizcaya S.L<strong>&nbsp; te devolver\u00e1 el importe de la compra a modo de \u201cVALE\u201d para ser canjeado en nuestra tienda online o en cualquiera de nuestras tiendas f\u00edsicas. <\/strong>Este vale nunca caduca y podr\u00e1s utilizarlo tambi\u00e9n en \u00e9poca de rebajas.<\/li>\n\n<li>En el caso de que optes por un cambio,&nbsp;<strong>TRANSBORDADOR DE VIZCAYA S.L &nbsp;&nbsp;se har\u00e1 cargo de los gastos de env\u00edo del nuevo pedido.<\/strong><\/li><\/ul><p><strong>CONTACTO<\/strong>:<\/p><p>Para cualquier duda o comentario, podr\u00e1 contactar con nosotros de las siguientes formas:<\/p><ul class=\"wp-block-list\"><li>Informaci\u00f3n general sobre&nbsp;<strong>TRANSBORDADOR DE VIZCAYA S.L <\/strong>,&nbsp; llame al tel\u00e9fono&nbsp;94 480 10 12 o remita un e-mail a la direcci\u00f3n:&nbsp;<strong>PROMOCION@PUENTE-COLGANTE.COM<\/strong><\/li>\n\n<li>Informaci\u00f3n sobre art\u00edculos de la web, tallas, especificaciones t\u00e9cnicas, env\u00edos, pedidos, consulta sobre gastos o cualquier duda,&nbsp;lo puede hacer en el tel\u00e9fono&nbsp;94 480 10 12&nbsp;remitiendo un e-mail a<strong> PROMOCION@PUENTE-COLGANTE.COM<\/strong><\/li><\/ul><p><strong>Informaci\u00f3n b\u00e1sica sobre protecci\u00f3n de datos de car\u00e1cter personal<\/strong><\/p><p>En cumplimiento de lo dispuesto en el Reglamento General de Protecci\u00f3n en relaci\u00f3n con los datos de car\u00e1cter personal que va a proporcionar, se comunica al interesado:<\/p><p><strong>Responsable:<\/strong>&nbsp;TRANSBORDADOR DE VIZCAYA S.L<\/p><p><strong>Finalidad:<\/strong>&nbsp;La gesti\u00f3n de los datos de contacto, as\u00ed como, en su caso, de la consulta realizada y, de producirse el posterior encargo profesional, la gesti\u00f3n administrativa, contable y fiscal del asunto y de su archivo en el oportuno expediente.<\/p><p><strong>Legitimaci\u00f3n:<\/strong>&nbsp;Consentimiento del interesado; y si se produce el encargo posterior, la relaci\u00f3n contractual que se formalice.<\/p><p><strong>Cesi\u00f3n de datos:<\/strong>&nbsp;Respecto del contacto y la consulta no habr\u00e1 cesi\u00f3n alguna. De producirse encargo profesional, podr\u00e1 existir comunicaci\u00f3n de datos a cuantos Juzgados y Tribunales, Administraciones P\u00fablicas, procuradores, peritos de parte u otros profesionales deban o se considere conveniente que intervengan.<\/p><p><strong>Derechos:<\/strong>&nbsp;Acceder, rectificar y suprimir sus datos, solicitar la portabilidad de estos, oponerse al tratamiento y solicitar la limitaci\u00f3n de \u00e9ste.<\/p><p><strong>\u00bfQui\u00e9n es el responsable del tratamiento de sus datos?<\/strong><\/p><p><strong>Nombre Comercial:<\/strong>&nbsp; El Transbordador de Vizcaya S.L<br><strong>Raz\u00f3n Social:<\/strong>&nbsp; El Transbordador de Vizcaya S.L<br><strong>DNI\/NIF:<\/strong>&nbsp; B 48791818<br><strong>Direcci\u00f3n:<\/strong>&nbsp; C\/ Barria, N\u00ba 3 &#8211; Bajo 48.930 Las Arenas (Getxo) \u2013 Bizkaia, Espa\u00f1a.<br><strong>Tel\u00e9fono:<\/strong>&nbsp; 94 480 10 12<br><strong>Correo electr\u00f3nico:<\/strong>&nbsp; promocion@puente-colgante.com<\/p><p><strong>\u00bfCon qu\u00e9 finalidad tratamos sus datos personales?<\/strong><\/p><p>Trataremos sus datos con el fin de gestionar el contacto que ha efectuado o la consulta que nos ha remitido. Si nos realiza un encargo profesional, las finalidades leg\u00edtimas del tratamiento de los datos de car\u00e1cter personal ser\u00e1n la gesti\u00f3n profesional, administrativa, contable y fiscal, as\u00ed como el archivo del expediente.<\/p><p><strong>\u00bfCu\u00e1nto tiempo conservaremos sus datos?<\/strong><\/p><p>Los datos personales proporcionados se conservar\u00e1n mientras sean necesarios para gestionar el contacto, la consulta o el encargo que nos efect\u00fae. Asimismo, se conservar\u00e1n por el tiempo legalmente necesario acorde con la legislaci\u00f3n vigente.<\/p><p><strong>Legitimaci\u00f3n<\/strong><\/p><p>La legitimaci\u00f3n del tratamiento de sus datos es el consentimiento que presta enviando el formulario de contacto o la consulta. Si se produce el encargo profesional la legitimaci\u00f3n del tratamiento ser\u00e1 la relaci\u00f3n contractual que se establezca con TRANSBORDADOR DE VIZCAYA S.L &nbsp;y el cumplimiento de las obligaciones profesionales y legales derivadas del mismo.<\/p><p><strong>\u00bfA qu\u00e9 destinatarios se comunicar\u00e1n sus datos?<\/strong><\/p><p>Los datos derivados del contacto y la consulta no ser\u00e1n objeto de comunicaci\u00f3n a terceros. En el caso de que posteriormente se produzca el encargo profesional, los datos de car\u00e1cter personal proporcionados por el cliente podr\u00e1n ser comunicados en los escritos y en los documentos anejos a estos a los Juzgados y Tribunales o, en su caso, Administraciones P\u00fablicas, para el cumplimiento del encargo encomendado, as\u00ed como a procuradores, peritos y otros profesionales que deban intervenir o ser\u00e1 conveniente que intervengan.<\/p><p><strong>\u00bfCu\u00e1les son sus derechos?<\/strong><\/p><p>Cualquier persona tiene derecho a obtener confirmaci\u00f3n sobre si tratamos datos personales que le conciernen, o no. Las personas interesadas tienen derecho a acceder a sus datos personales y a obtener una copia de los datos personales objeto de tratamiento, a actualizarlos, as\u00ed como a solicitar la rectificaci\u00f3n de los datos inexactos o, en su caso, solicitar su supresi\u00f3n cuando, entre otros motivos, los datos que ya no sean necesarios para los fines para los que fueron recabados.<\/p><p>En determinadas circunstancias previstas en el art. 18 RGPD, los interesados podr\u00e1n solicitar la limitaci\u00f3n del tratamiento de sus datos, en cuyo caso \u00fanicamente los conservaremos para el ejercicio o la defensa de reclamaciones.<\/p><p>Como consecuencia de la aplicaci\u00f3n del derecho a la supresi\u00f3n u oposici\u00f3n al tratamiento de datos personales en el entorno on-line, los interesados tienen el derecho al olvido seg\u00fan la jurisprudencia del Tribunal de Justicia de la U.E.<\/p><p>Los interesados podr\u00e1n oponerse al tratamiento de sus datos con fines de mercadotecnia, incluida la elaboraci\u00f3n de perfiles.<\/p><p><strong>\u00bfC\u00f3mo se pueden ejercer los derechos?<\/strong><\/p><p>Mediante escrito dirigido a TRANSBORDADOR DE VIZCAYA S.L en la direcci\u00f3n que consta en el inicio del presente documento informativo a la atenci\u00f3n del Delegado de Protecci\u00f3n de Datos bajo el asunto \u201cRGPD\u201d o mediante promocion@puente-colgante.com electr\u00f3nico dirigido a&nbsp;<strong>LICENCIADO POZA 25, 4D, BILBAO, BIZKAIA, 48011 <\/strong>con id\u00e9ntico asunto.<\/p><p><strong>\u00bfQu\u00e9 v\u00edas de reclamaci\u00f3n existen?<\/strong><\/p><p>SI considera que sus derechos no se han atendido debidamente, tiene derecho a presentar una reclamaci\u00f3n ante la Agencia Espa\u00f1ola de Protecci\u00f3n de Datos:<br>Tfno: 901 100 099 \/ 91.266.35.17<br>Direcci\u00f3n: C\/ Jorge Juan, 6 28001 \u2013 Madrid<br>Sede electr\u00f3nica:&nbsp;<a href=\"https:\/\/sedeagpd.gob.es\/sede-electr%C3%B3nica-web\/\">https:\/\/sedeagpd.gob.es\/sede-electr\u00f3nica-web\/<\/a><br>Web:&nbsp;<a href=\"http:\/\/www.agpd.es\/\">www.agpd.es<\/a><\/p><p><strong>\u00bfQu\u00e9 categor\u00edas de datos puede tratar en el despacho?<\/strong><\/p><p>TRANSBORDADOR DE VIZCAYA S.L tratar\u00e1 los datos que nos suministre, que dada la amplitud que pueden tener los asuntos encargados o consultas efectuadas, pueden ser datos de categor\u00edas especiales y datos de las siguientes categor\u00edas:<\/p><ul class=\"wp-block-list\"><li>De car\u00e1cter identificativo<\/li>\n\n<li>Circunstancias sociales<\/li>\n\n<li>Datos de detalle de empleo<\/li>\n\n<li>Caracter\u00edsticas personales<\/li>\n\n<li>Datos acad\u00e9micos y profesionales<\/li>\n\n<li>Datos econ\u00f3micos, financieros y de seguros<\/li><\/ul><p><strong>POL\u00cdTICA DE CANCELACI\u00d3N VENTA DE ENTRADAS ONLINE<\/strong><\/p><p>No habr\u00e1 reembolso por actividades canceladas con un pre-aviso inferior a 48 horas antes del inicio de la visita o por no presentaciones. Si cancela entre siete y dos d\u00edas antes del inicio de la actividad habr\u00e1 un cargo de cancelaci\u00f3n del 20% del precio total. Un reembolso completo se emite si un servicio se cancela m\u00e1s de siete d\u00edas antes de la actividad.<\/p><p>El Transbordador de Vizcaya S.L se reserva el derecho de cancelar una reserva en cualquier momento antes de efectuar la misma y ofrecer a los participantes un reembolso completo.<\/p><p><strong>POL\u00cdTICA DE DEVOLUCIONES<\/strong><\/p><p><strong>Derecho legal a desistir de la compra Derecho de desistimiento<\/strong><\/p><p>Si usted est\u00e1 contratando como consumidor y usuario, tiene usted derecho a desistir del presente contrato en un plazo de 14 d\u00edas naturales sin necesidad de justificaci\u00f3n. El plazo de desistimiento expirar\u00e1 a los 14 d\u00edas naturales del d\u00eda que usted o un tercero por usted indicado, adquiri\u00f3 la posesi\u00f3n material de los bienes o en caso de que los bienes que componen su pedido se entreguen por separado, a los 14 d\u00edas naturales del d\u00eda que usted o un tercero por usted indicado, adquiri\u00f3 la posesi\u00f3n material del \u00faltimo de esos bienes.<\/p><p>Para ejercer el derecho de desistimiento, deber\u00e1 usted notificarnos a &nbsp;TRANSBORDADOR DE VIZCAYA S.L &nbsp;, a la direcci\u00f3n: C\/ Barria, N\u00ba 3 &#8211; Bajo 48.930 Las Arenas (Getxo) \u2013 Bizkaia, Espa\u00f1a, al 94 480 10 12,&nbsp;escribi\u00e9ndonos al correo electr\u00f3nico <a href=\"mailto:forasterfacturas@gmail.com\">PROMOCION@PUENTE-COLGANTE.COM<\/a> o a nuestro formulario de contacto, su decisi\u00f3n de desistir del contrato a trav\u00e9s de una declaraci\u00f3n inequ\u00edvoca (por ejemplo, una carta enviada por correo postal o electr\u00f3nico). Podr\u00e1 utilizar el modelo de formulario de desistimiento que figura como Anexo a las presentes Condiciones, aunque su uso no es obligatorio.<\/p><p>Para cumplir el plazo de desistimiento, basta con que la comunicaci\u00f3n relativa al ejercicio por su parte de este derecho sea enviada antes de que venza el plazo correspondiente.<\/p><p><strong>Consecuencias del desistimiento<\/strong><\/p><p>En caso de desistimiento por su parte, procederemos a efectuar dicho reembolso utilizando el mismo medio de pago empleado por usted para la transacci\u00f3n inicial salvo que usted nos indique lo contrario, detallando expresamente el medio de pago a trav\u00e9s del cual desea que realicemos la devoluci\u00f3n. No incurrir\u00e1 en ning\u00fan gasto como consecuencia del reembolso. No obstante, lo anterior, podremos retener el reembolso hasta haber recibido los bienes, o hasta que usted haya presentado una prueba de la devoluci\u00f3n de los mismos, seg\u00fan qu\u00e9 condici\u00f3n se cumpla primero. Deber\u00e1 usted devolvernos o entregarnos directamente los productos en nuestras tiendas de C\/ Barria, N\u00ba 3 &#8211; Bajo 48.930 Las Arenas (Getxo) &#8211; Bizkaia, sin ninguna demora indebida y, en cualquier caso, a m\u00e1s tardar en el plazo de 15 d\u00edas naturales a partir de la fecha en que nos comunique su decisi\u00f3n de desistimiento del contrato. Se considerar\u00e1 cumplido el plazo si efect\u00faa la devoluci\u00f3n de los bienes antes de que haya concluido dicho plazo. Salvo que realice la devoluci\u00f3n de los bienes en una tienda de Espa\u00f1a, deber\u00e1 usted asumir el coste directo de devoluci\u00f3n de los bienes. En este \u00faltimo caso, recuerde que deber\u00e1 entregar, junto con los productos, una copia impresa del pedido que habr\u00e1 recibido adjunto a la Confirmaci\u00f3n de Env\u00edo. Solo ser\u00e1 usted responsable de la disminuci\u00f3n de valor de los bienes resultante de una manipulaci\u00f3n distinta a la necesaria para establecer la naturaleza, las caracter\u00edsticas y el funcionamiento de los bienes.<\/p><p><strong>Disposiciones comunes<\/strong><\/p><p>No tendr\u00e1 usted derecho a desistir del contrato cuyo objeto sea el suministro de alguno de los productos siguientes:<\/p><ol class=\"wp-block-list\"><li>Art\u00edculos personalizados<\/li>\n\n<li>Art\u00edculos sin su envoltorio original y etiquetas de productos<\/li>\n\n<li>Art\u00edculos usados<\/li>\n\n<li>Art\u00edculos de perfumer\u00eda y cosm\u00e9tica<\/li>\n\n<li>Todos aquellos bienes precintados que no sean aptos para ser devueltos por razones de salud o higiene y que hayan sido desprecintados tras la entrega.<\/li><\/ol><p>Su derecho a desistir del contrato ser\u00e1 de aplicaci\u00f3n exclusivamente a aquellos productos que se devuelvan en las mismas condiciones en que usted los recibi\u00f3. No se har\u00e1 ning\u00fan reembolso si el producto ha sido usado m\u00e1s all\u00e1 de la mera apertura del mismo, de productos que no est\u00e9n en las mismas condiciones en las que se entregaron o que hayan sufrido alg\u00fan da\u00f1o, por lo que deber\u00e1 ser cuidadoso con el\/los producto\/s mientras est\u00e9n en su posesi\u00f3n. Por favor, devuelva el art\u00edculo usando o incluyendo todos sus envoltorios originales, las instrucciones y dem\u00e1s documentos que en su caso lo acompa\u00f1en. Podr\u00e1 realizar las devoluciones en cualquier tienda TRANSBORDADOR DE VIZCAYA S.L &nbsp;&nbsp;de Espa\u00f1a, para lo que deber\u00e1 acudir a la tienda en persona y entregar junto con el art\u00edculo el pedido que habr\u00e1 recibido adjunto a la Confirmaci\u00f3n de Env\u00edo. Usted puede presentar el pedido mostr\u00e1ndolo en forma digital a trav\u00e9s de la pantalla de su dispositivo m\u00f3vil o llev\u00e1ndolo impreso a la tienda. Esta forma de devoluci\u00f3n no supondr\u00e1 un coste adicional para usted. Tambi\u00e9n puede ponerse en contacto con nosotros a trav\u00e9s de nuestro formulario de contacto o devolvernos el producto directamente a la direcci\u00f3n anteriormente mencionada, en cuyo caso deber\u00e1 entregar junto con el art\u00edculo el pedido impreso que habr\u00e1 recibido adjunto a la Confirmaci\u00f3n de Env\u00edo. Le rogamos que nos devuelva el producto lo antes posible. &nbsp;Por favor, tenga en cuenta que si usted decide devolvernos los art\u00edculos a portes debidos estaremos autorizados a cargarle los gastos en que podamos incurrir. Tras examinar el art\u00edculo le comunicaremos si tiene derecho al reembolso de las cantidades abonadas. El reembolso se efectuar\u00e1 lo antes posible y, en cualquier caso, dentro del plazo de 15 d\u00edas desde la fecha en que usted nos comunic\u00f3 su intenci\u00f3n de desistir. No obstante, podremos retener el reembolso hasta haber recibido los bienes, o hasta que usted haya presentado una prueba de la devoluci\u00f3n de los bienes, seg\u00fan qu\u00e9 condici\u00f3n se cumpla primero. El reembolso se efectuar\u00e1 siempre en el mismo medio de pago que usted utiliz\u00f3 para pagar la compra salvo cuando para la devoluci\u00f3n se presente un ticket regalo. En este \u00faltimo caso, el reembolso se realizar\u00e1 mediante una tarjeta abono de TRANSBORDADOR DE VIZCAYA S.L &nbsp;. Usted asumir\u00e1 el coste y riesgo de devolvernos los productos, tal y como se ha indicado anteriormente. Si tienen alguna duda, puede ponerse en contacto con nosotros a trav\u00e9s de nuestro formulario de contacto o llamando al tel\u00e9fono 94 480 10 12,<\/p><p>En el siguiente enlace puede descargarse el&nbsp;<a href=\"https:\/\/puente-colgante.com\/wp-content\/uploads\/2021\/02\/Modelo-de-formulario-de-desistimiento.pdf\"><u>Modelo de formulario de desistimiento.<\/u><\/a><\/p>","protected":false},"excerpt":{"rendered":"<p>GASTOS DE ENV\u00cdO: Los gastos de env\u00edo son en env\u00edos nacionales de 5,95\u20ac en paquetes con peso de 100 a 500 gr y de 9,05\u20ac en paquetes con peso de 1.000 hasta 2.000 gr, y en env\u00edos internacionales de 11,10\u20ac en paquetes con peso de 100 a 500 gr y de 25,40\u20ac en paquetes con [&hellip;]<\/p>\n","protected":false},"author":1,"featured_media":0,"parent":0,"menu_order":24,"comment_status":"closed","ping_status":"closed","template":"","meta":{"footnotes":""},"class_list":["post-33884","page","type-page","status-publish","hentry","grve-entry-item"],"acf":[],"yoast_head":"<!-- This site is optimized with the Yoast SEO plugin v20.11 - https:\/\/yoast.com\/wordpress\/plugins\/seo\/ -->\n<title>T\u00e9rminos y Condiciones - Puente Colgante<\/title>\n<meta name=\"description\" content=\"GASTOS DE ENV\u00cdO: Los gastos de env\u00edo son en env\u00edos nacionales de 5,95\u20ac en paquetes con peso de 100 a 500 gr y de 9,05\u20ac en paquetes con peso de 1.000 hasta\" \/>\n<meta name=\"robots\" content=\"index, follow, max-snippet:-1, max-image-preview:large, max-video-preview:-1\" \/>\n<link rel=\"canonical\" href=\"https:\/\/puente-colgante.com\/politica-de-devolucion-y-gastos-de-envio\/\" \/>\n<meta property=\"og:locale\" content=\"eu_ES\" \/>\n<meta property=\"og:type\" content=\"article\" \/>\n<meta property=\"og:title\" content=\"T\u00e9rminos y Condiciones - Puente Colgante\" \/>\n<meta property=\"og:description\" content=\"GASTOS DE ENV\u00cdO: Los gastos de env\u00edo son en env\u00edos nacionales de 5,95\u20ac en paquetes con peso de 100 a 500 gr y de 9,05\u20ac en paquetes con peso de 1.000 hasta\" \/>\n<meta property=\"og:url\" content=\"https:\/\/puente-colgante.com\/politica-de-devolucion-y-gastos-de-envio\/\" \/>\n<meta property=\"og:site_name\" content=\"Puente Colgante\" \/>\n<meta name=\"twitter:card\" content=\"summary_large_image\" \/>\n<meta name=\"twitter:label1\" content=\"Est. reading time\" \/>\n\t<meta name=\"twitter:data1\" content=\"13 minutes\" \/>\n<script type=\"application\/ld+json\" class=\"yoast-schema-graph\">{\"@context\":\"https:\/\/schema.org\",\"@graph\":[{\"@type\":\"WebPage\",\"@id\":\"https:\/\/puente-colgante.com\/politica-de-devolucion-y-gastos-de-envio\/\",\"url\":\"https:\/\/puente-colgante.com\/politica-de-devolucion-y-gastos-de-envio\/\",\"name\":\"T\u00e9rminos y Condiciones - Puente Colgante\",\"isPartOf\":{\"@id\":\"https:\/\/puente-colgante.com\/#website\"},\"datePublished\":\"2022-01-05T09:20:35+00:00\",\"dateModified\":\"2022-01-05T09:20:35+00:00\",\"description\":\"GASTOS DE ENV\u00cdO: Los gastos de env\u00edo son en env\u00edos nacionales de 5,95\u20ac en paquetes con peso de 100 a 500 gr y de 9,05\u20ac en paquetes con peso de 1.000 hasta\",\"breadcrumb\":{\"@id\":\"https:\/\/puente-colgante.com\/politica-de-devolucion-y-gastos-de-envio\/#breadcrumb\"},\"inLanguage\":\"eu-ES\",\"potentialAction\":[{\"@type\":\"ReadAction\",\"target\":[\"https:\/\/puente-colgante.com\/politica-de-devolucion-y-gastos-de-envio\/\"]}]},{\"@type\":\"BreadcrumbList\",\"@id\":\"https:\/\/puente-colgante.com\/politica-de-devolucion-y-gastos-de-envio\/#breadcrumb\",\"itemListElement\":[{\"@type\":\"ListItem\",\"position\":1,\"name\":\"Portada\",\"item\":\"https:\/\/puente-colgante.com\/en\/\"},{\"@type\":\"ListItem\",\"position\":2,\"name\":\"T\u00e9rminos y Condiciones\"}]},{\"@type\":\"WebSite\",\"@id\":\"https:\/\/puente-colgante.com\/#website\",\"url\":\"https:\/\/puente-colgante.com\/\",\"name\":\"Puente Colgante\",\"description\":\"Web Oficial del Puente Colgante | Puente Bizkaia\",\"publisher\":{\"@id\":\"https:\/\/puente-colgante.com\/#organization\"},\"potentialAction\":[{\"@type\":\"SearchAction\",\"target\":{\"@type\":\"EntryPoint\",\"urlTemplate\":\"https:\/\/puente-colgante.com\/?s={search_term_string}\"},\"query-input\":\"required name=search_term_string\"}],\"inLanguage\":\"eu-ES\"},{\"@type\":\"Organization\",\"@id\":\"https:\/\/puente-colgante.com\/#organization\",\"name\":\"Puente Colgante\",\"url\":\"https:\/\/puente-colgante.com\/\",\"logo\":{\"@type\":\"ImageObject\",\"inLanguage\":\"eu-ES\",\"@id\":\"https:\/\/puente-colgante.com\/#\/schema\/logo\/image\/\",\"url\":\"https:\/\/puente-colgante.com\/wp-content\/uploads\/2024\/02\/Formato-logo.png\",\"contentUrl\":\"https:\/\/puente-colgante.com\/wp-content\/uploads\/2024\/02\/Formato-logo.png\",\"width\":742,\"height\":560,\"caption\":\"Puente Colgante\"},\"image\":{\"@id\":\"https:\/\/puente-colgante.com\/#\/schema\/logo\/image\/\"}}]}<\/script>\n<!-- \/ Yoast SEO plugin. -->","yoast_head_json":{"title":"T\u00e9rminos y Condiciones - Puente Colgante","description":"GASTOS DE ENV\u00cdO: Los gastos de env\u00edo son en env\u00edos nacionales de 5,95\u20ac en paquetes con peso de 100 a 500 gr y de 9,05\u20ac en paquetes con peso de 1.000 hasta","robots":{"index":"index","follow":"follow","max-snippet":"max-snippet:-1","max-image-preview":"max-image-preview:large","max-video-preview":"max-video-preview:-1"},"canonical":"https:\/\/puente-colgante.com\/politica-de-devolucion-y-gastos-de-envio\/","og_locale":"eu_ES","og_type":"article","og_title":"T\u00e9rminos y Condiciones - Puente Colgante","og_description":"GASTOS DE ENV\u00cdO: Los gastos de env\u00edo son en env\u00edos nacionales de 5,95\u20ac en paquetes con peso de 100 a 500 gr y de 9,05\u20ac en paquetes con peso de 1.000 hasta","og_url":"https:\/\/puente-colgante.com\/politica-de-devolucion-y-gastos-de-envio\/","og_site_name":"Puente Colgante","twitter_card":"summary_large_image","twitter_misc":{"Est. reading time":"13 minutes"},"schema":{"@context":"https:\/\/schema.org","@graph":[{"@type":"WebPage","@id":"https:\/\/puente-colgante.com\/politica-de-devolucion-y-gastos-de-envio\/","url":"https:\/\/puente-colgante.com\/politica-de-devolucion-y-gastos-de-envio\/","name":"T\u00e9rminos y Condiciones - Puente Colgante","isPartOf":{"@id":"https:\/\/puente-colgante.com\/#website"},"datePublished":"2022-01-05T09:20:35+00:00","dateModified":"2022-01-05T09:20:35+00:00","description":"GASTOS DE ENV\u00cdO: Los gastos de env\u00edo son en env\u00edos nacionales de 5,95\u20ac en paquetes con peso de 100 a 500 gr y de 9,05\u20ac en paquetes con peso de 1.000 hasta","breadcrumb":{"@id":"https:\/\/puente-colgante.com\/politica-de-devolucion-y-gastos-de-envio\/#breadcrumb"},"inLanguage":"eu-ES","potentialAction":[{"@type":"ReadAction","target":["https:\/\/puente-colgante.com\/politica-de-devolucion-y-gastos-de-envio\/"]}]},{"@type":"BreadcrumbList","@id":"https:\/\/puente-colgante.com\/politica-de-devolucion-y-gastos-de-envio\/#breadcrumb","itemListElement":[{"@type":"ListItem","position":1,"name":"Portada","item":"https:\/\/puente-colgante.com\/en\/"},{"@type":"ListItem","position":2,"name":"T\u00e9rminos y Condiciones"}]},{"@type":"WebSite","@id":"https:\/\/puente-colgante.com\/#website","url":"https:\/\/puente-colgante.com\/","name":"Puente Colgante","description":"Web Oficial del Puente Colgante | Puente Bizkaia","publisher":{"@id":"https:\/\/puente-colgante.com\/#organization"},"potentialAction":[{"@type":"SearchAction","target":{"@type":"EntryPoint","urlTemplate":"https:\/\/puente-colgante.com\/?s={search_term_string}"},"query-input":"required name=search_term_string"}],"inLanguage":"eu-ES"},{"@type":"Organization","@id":"https:\/\/puente-colgante.com\/#organization","name":"Puente Colgante","url":"https:\/\/puente-colgante.com\/","logo":{"@type":"ImageObject","inLanguage":"eu-ES","@id":"https:\/\/puente-colgante.com\/#\/schema\/logo\/image\/","url":"https:\/\/puente-colgante.com\/wp-content\/uploads\/2024\/02\/Formato-logo.png","contentUrl":"https:\/\/puente-colgante.com\/wp-content\/uploads\/2024\/02\/Formato-logo.png","width":742,"height":560,"caption":"Puente Colgante"},"image":{"@id":"https:\/\/puente-colgante.com\/#\/schema\/logo\/image\/"}}]}},"_links":{"self":[{"href":"https:\/\/puente-colgante.com\/eu\/wp-json\/wp\/v2\/pages\/33884","targetHints":{"allow":["GET"]}}],"collection":[{"href":"https:\/\/puente-colgante.com\/eu\/wp-json\/wp\/v2\/pages"}],"about":[{"href":"https:\/\/puente-colgante.com\/eu\/wp-json\/wp\/v2\/types\/page"}],"author":[{"embeddable":true,"href":"https:\/\/puente-colgante.com\/eu\/wp-json\/wp\/v2\/users\/1"}],"replies":[{"embeddable":true,"href":"https:\/\/puente-colgante.com\/eu\/wp-json\/wp\/v2\/comments?post=33884"}],"version-history":[{"count":0,"href":"https:\/\/puente-colgante.com\/eu\/wp-json\/wp\/v2\/pages\/33884\/revisions"}],"wp:attachment":[{"href":"https:\/\/puente-colgante.com\/eu\/wp-json\/wp\/v2\/media?parent=33884"}],"curies":[{"name":"wp","href":"https:\/\/api.w.org\/{rel}","templated":true}]}}